{"id":43,"date":"2011-11-25T22:28:52","date_gmt":"2011-11-26T02:58:52","guid":{"rendered":"http:\/\/jorge-dominguez-dubuc.com\/?page_id=43"},"modified":"2014-11-19T12:25:42","modified_gmt":"2014-11-19T16:55:42","slug":"bio","status":"publish","type":"page","link":"http:\/\/jorge-dominguez-dubuc.com\/?page_id=43","title":{"rendered":"CV"},"content":{"rendered":"<p><span style=\"text-decoration: underline;\"><strong>Education<\/strong><\/span><\/p>\n<p><strong>1997-98<\/strong> <strong>Chelsea College of Art &amp; Design,<\/strong> Research Studentship<\/p>\n<p><strong>1996-97<\/strong> <strong>Chelsea College of Art &amp; Design,<\/strong> MA in Fine Art<\/p>\n<p><strong>1992-96 <\/strong><strong>Armando Rever\u00f3n University Institute of Fine Art<\/strong>, BA in Fine Art<\/p>\n<p><strong>1989-92<\/strong> <strong>Caracas Design Institute,<\/strong> five semesters of Graphic Design and Illustration<\/p>\n<p><span style=\"text-decoration: underline;\"><b>Representation<\/b><\/span><\/p>\n<p>Colecci\u00f3n Patricia Phelps de Cisneros<\/p>\n<p>Museo de Arte Contempor\u00e1neo de Caracas<\/p>\n<p><span style=\"text-decoration: underline;\"><strong>Solo Exhibitions<\/strong><\/span><\/p>\n<p><strong>2006 Traslaci\u00f3n: entornos miliarios,<\/strong> Museo de Arte Contempor\u00e1neo de Caracas<\/p>\n<p><strong>1995 Galer\u00eda Sotavento,<\/strong> site specific installation<\/p>\n<p><span style=\"text-decoration: underline;\"><strong>Group Exhibitions<\/strong><\/span><\/p>\n<p><strong>2014 Panor\u00e1mica. Arte Emergente en Venezuela 2000-2012.<\/strong> Sala TAC, Caracas, Venezuela<\/p>\n<p><strong>2014 <\/strong><strong>Art Licks X Victoria &amp; Albert Museum and Verada tropical<\/strong> a night of video art. Organise by Square Art Projects, London, UK<\/p>\n<p><strong>2013 Verada Tropical<\/strong> A night of video art by four Venezuelan artist. Organise by Square Art Projects in Art Licks Weekend, London, UK<\/p>\n<p><strong>2009 Caracas Verde.<\/strong> Show of video art from the collection of the Museo de Arte Contempor\u00e1neo.<\/p>\n<p><strong>2008 Geograf\u00edas (in)visibles. Arte contempor\u00e1neo latinoamericano en la Colecci\u00f3n Patricia Phelps de Cisneros,<\/strong> Centro Cultural Eduardo Le\u00f3n Jim\u00e9nez, Santiago de los Caballeros, Dominican Republic<\/p>\n<p><strong>2006 Im\u00e1genes de Caracas, <\/strong>Espacio Joaqu\u00edn Costa, Barcelona, Spain<\/p>\n<p><strong>2006 Cruce de miradas. Visiones de Am\u00e9rica Latina,<\/strong> Museo del Palacio de Bellas Artes de Ciudad de M\u00e9xico<\/p>\n<p><strong>2006 Medidas variables. La Rever\u00f3n del Siglo XXI,<\/strong> Museo Alejandro Otero, Caracas<\/p>\n<p><strong>2004-2005 Di\u00e1logos\/di\u00e1logos Arte latinoamericano desde la colecci\u00f3n Cisneros,<\/strong> travelling group show in Bogota, Lima, Santiago de Chile, Ciudad Bol\u00edvar and Maracaibo<\/p>\n<p><strong>2004 El Barril: Est\u00e9tica del petr\u00f3leo,<\/strong> Museo Jacobo Borges, Caracas<\/p>\n<p><strong>2003 V Sal\u00f3n Pirelli de J\u00f3venes Artistas, <\/strong>Museo de Arte Contempor\u00e1neo de Caracas Sof\u00eda Imber<\/p>\n<p><strong>2003 CONTRA\/SENTIDO: Nueva fotograf\u00eda venezolana, <\/strong>Sala Mendoza<\/p>\n<p><strong>2003 II Sal\u00f3n del Paisaje Exxon Mobil, <\/strong>Galer\u00eda de Arte Nacional, Caracas<\/p>\n<p><strong>2002 Videoarte, <\/strong>Museo de Arte Contempor\u00e1neo de Caracas Sof\u00eda Imber<\/p>\n<p><strong>2002 Happening Extremo 5,<\/strong> Museo Alejandro Otero, Caracas<\/p>\n<p><strong>2002 Caribe Ut\u00f3pico,<\/strong> V Feria Internacional del Libro, Santo Domingo, Dominican Republic and Bogota, Colombia<\/p>\n<p><strong>2001 13 Horas,<\/strong> Sala Mendoza, Caracas<\/p>\n<p><strong>2001 V Sal\u00f3n Pirelli de J\u00f3venes Artistas,<\/strong> Museo de Arte Contempor\u00e1neo de Caracas Sof\u00eda Imber (Third Prize)<\/p>\n<p><strong>2001 Arte Urbano, 10 A\u00f1os de la FIA<\/strong><\/p>\n<p><strong>2001 J\u00f3venes con FIA,<\/strong> Los Espacios C\u00e1lidos, Ateneo de Caracas<\/p>\n<p><strong>2000 In-Situ,<\/strong> Galer\u00eda Blassini<\/p>\n<p><strong>1999 HBO Ole, \u201cAl filo del Tiempo\u201d,<\/strong> guest as Young Latin American Artist on this HBO TV program to create a sculpture<\/p>\n<p><strong>1998 Galere Herold,<\/strong> Bremen, Germany<\/p>\n<p><strong>1998 The Nunnery Gallery,<\/strong> London, UK<\/p>\n<p><strong>1997 Chelsea College of Art,<\/strong> London, UK<\/p>\n<p><strong>1996 Caracas Ut\u00f3pica, <\/strong>Universidad Sim\u00f3n Bol\u00edvar, Caracas<\/p>\n<p><strong>1996 La mirada diversa, <\/strong>Museo Jacobo Borges, Caracas<\/p>\n<p><strong>1996 VIII Premio Mendoza,<\/strong> Sala Mendoza, Caracas<\/p>\n<p><strong>1996 Visiones de Caracas: Pl\u00e1stica Interactiva,<\/strong> Espacio Balzac, Ateneo de Caracas<\/p>\n<p><strong>1996 Sal\u00f3n Juan Lovera,<\/strong> Los Espacios C\u00e1lidos, Ateneo de Caracas, (Highly Commended)<\/p>\n<p><strong>1994 Colectivo Experimental Urbano,<\/strong> cultural activities in Caicara del Orinoco<\/p>\n<p><strong>1992 I Sal\u00f3n de Artes Visuales,<\/strong> Museo Alejandro Otero, Caracas<\/p>\n<p><strong><span style=\"text-decoration: underline;\">Prizes and Scholarships<\/span><\/strong><\/p>\n<p><strong>2001 Third Prize,<\/strong> V Sal\u00f3n Pirelli de J\u00f3venes Artistas, Museo de Arte Contempor\u00e1neo de Caracas Sof\u00eda Imber<\/p>\n<p><strong>1996 Highly Commended,<\/strong> Sal\u00f3n Municipal de Artes Visuales Juan Lovera, Galer\u00eda los Espacios Calidos, Ateneo de Caracas<\/p>\n<p><strong>1992 Scholarship,<\/strong> Armando Rever\u00f3n University Institute of Fine Arts<\/p>\n","protected":false},"excerpt":{"rendered":"<p>Education 1997-98 Chelsea College of Art &amp; Design, Research Studentship 1996-97 Chelsea College of Art &amp; Design, MA in Fine Art 1992-96 Armando Rever\u00f3n University Institute of Fine Art, BA in Fine Art 1989-92 Caracas Design Institute, five semesters of Graphic Design and Illustration Representation Colecci\u00f3n Patricia Phelps de Cisneros Museo de Arte Contempor\u00e1neo de [&hellip;]<\/p>\n","protected":false},"author":1,"featured_media":0,"parent":0,"menu_order":6,"comment_status":"closed","ping_status":"closed","template":"","meta":[],"_links":{"self":[{"href":"http:\/\/jorge-dominguez-dubuc.com\/index.php?rest_route=\/wp\/v2\/pages\/43"}],"collection":[{"href":"http:\/\/jorge-dominguez-dubuc.com\/index.php?rest_route=\/wp\/v2\/pages"}],"about":[{"href":"http:\/\/jorge-dominguez-dubuc.com\/index.php?rest_route=\/wp\/v2\/types\/page"}],"author":[{"embeddable":true,"href":"http:\/\/jorge-dominguez-dubuc.com\/index.php?rest_route=\/wp\/v2\/users\/1"}],"replies":[{"embeddable":true,"href":"http:\/\/jorge-dominguez-dubuc.com\/index.php?rest_route=%2Fwp%2Fv2%2Fcomments&post=43"}],"version-history":[{"count":26,"href":"http:\/\/jorge-dominguez-dubuc.com\/index.php?rest_route=\/wp\/v2\/pages\/43\/revisions"}],"predecessor-version":[{"id":531,"href":"http:\/\/jorge-dominguez-dubuc.com\/index.php?rest_route=\/wp\/v2\/pages\/43\/revisions\/531"}],"wp:attachment":[{"href":"http:\/\/jorge-dominguez-dubuc.com\/index.php?rest_route=%2Fwp%2Fv2%2Fmedia&parent=43"}],"curies":[{"name":"wp","href":"https:\/\/api.w.org\/{rel}","templated":true}]}}