{"id":355,"date":"2010-12-01T15:52:40","date_gmt":"2010-12-01T20:22:40","guid":{"rendered":"http:\/\/jorge-dominguez-dubuc.com\/?page_id=355"},"modified":"2010-12-03T09:45:29","modified_gmt":"2010-12-03T14:15:29","slug":"intervencion-sotavento-1995","status":"publish","type":"page","link":"http:\/\/jorge-dominguez-dubuc.com\/?page_id=355","title":{"rendered":"In situ: Sotavento (1995)"},"content":{"rendered":"<p><TEXT CLASS=\"JUSTIFIED\"><br \/>\nThis project was an intervention in Sotavento space. <\/p>\n<p>As critic Luis P\u00e9rez-Oramas wrote at the time:<\/p>\n<p>Jorge Dom\u00ednguez Dubuc (Caracas, 1970) trabaja, para dar forma y vida a sus estructuras, con piezas de madera de uso com\u00fan en la construcci\u00f3n de edificios: &#8220;cuartones&#8221; y &#8220;puntales&#8221;. La calidad pl\u00e1stica, crom\u00e1tica, sinuosa de los \u00b7puntales&#8221; -ramas secas, tallos fragmentados- no pasar\u00e1 desapercibida en la a\u00e9rea disposici\u00f3n que Dom\u00ednguez les imprime; la seca textura de los &#8220;cuartones&#8221;, su densa y callada gravidez, ofrece el contrapunto de un apoyo terrenal.<\/p>\n<p>Estas piezas, org\u00e1nicas y constructivas a un mismo tiempo, se articulan gracias a la presencia en ellas de otro elemento, acaso a\u00fan m\u00e1s deleznable, acaso m\u00e1s frecuente y no menos sorprendente: simples &#8220;mangos&#8221; de escoba que, fuera de su habitual contexto, son aqu\u00ed l\u00edneas precisas y elocuentes.<\/p>\n<p>Las estructuras de Dom\u00ednguez alcanzan su faz exterior, su presencia, con aquello que instrumentalmente sirve para sostener, el tiempo que dura la construcci\u00f3n de un edificio, los encofrados y los techos. El uso convencional de estos materiales los destina pues al desecho y a una vida ef\u00edmera. Las esculturas de Dom\u00ednguez les restituye, a la vez, su digna funci\u00f3n constructiva, su capacidad de indicaci\u00f3n y la posibilidad de una permanencia.<\/TEXT CLASS><\/p>\n<p><img loading=\"lazy\" class=\"aligncenter size-full wp-image-356\" title=\"sotavento In Situ. A\u00f1o 1995\" src=\"http:\/\/jorge-dominguez-dubuc.com\/wp-content\/uploads\/2010\/12\/sotavento-In-Situ.-A\u00f1o-1995.jpg\" alt=\"\" width=\"705\" height=\"536\" srcset=\"http:\/\/jorge-dominguez-dubuc.com\/wp-content\/uploads\/2010\/12\/sotavento-In-Situ.-A\u00f1o-1995.jpg 900w, http:\/\/jorge-dominguez-dubuc.com\/wp-content\/uploads\/2010\/12\/sotavento-In-Situ.-A\u00f1o-1995-300x228.jpg 300w\" sizes=\"(max-width: 705px) 100vw, 705px\" \/><\/p>\n","protected":false},"excerpt":{"rendered":"<p>This project was an intervention in Sotavento space. As critic Luis P\u00e9rez-Oramas wrote at the time: Jorge Dom\u00ednguez Dubuc (Caracas, 1970) trabaja, para dar forma y vida a sus estructuras, con piezas de madera de uso com\u00fan en la construcci\u00f3n de edificios: &#8220;cuartones&#8221; y &#8220;puntales&#8221;. La calidad pl\u00e1stica, crom\u00e1tica, sinuosa de los \u00b7puntales&#8221; -ramas secas, [&hellip;]<\/p>\n","protected":false},"author":1,"featured_media":0,"parent":11,"menu_order":3,"comment_status":"closed","ping_status":"closed","template":"","meta":[],"_links":{"self":[{"href":"http:\/\/jorge-dominguez-dubuc.com\/index.php?rest_route=\/wp\/v2\/pages\/355"}],"collection":[{"href":"http:\/\/jorge-dominguez-dubuc.com\/index.php?rest_route=\/wp\/v2\/pages"}],"about":[{"href":"http:\/\/jorge-dominguez-dubuc.com\/index.php?rest_route=\/wp\/v2\/types\/page"}],"author":[{"embeddable":true,"href":"http:\/\/jorge-dominguez-dubuc.com\/index.php?rest_route=\/wp\/v2\/users\/1"}],"replies":[{"embeddable":true,"href":"http:\/\/jorge-dominguez-dubuc.com\/index.php?rest_route=%2Fwp%2Fv2%2Fcomments&post=355"}],"version-history":[{"count":5,"href":"http:\/\/jorge-dominguez-dubuc.com\/index.php?rest_route=\/wp\/v2\/pages\/355\/revisions"}],"predecessor-version":[{"id":486,"href":"http:\/\/jorge-dominguez-dubuc.com\/index.php?rest_route=\/wp\/v2\/pages\/355\/revisions\/486"}],"up":[{"embeddable":true,"href":"http:\/\/jorge-dominguez-dubuc.com\/index.php?rest_route=\/wp\/v2\/pages\/11"}],"wp:attachment":[{"href":"http:\/\/jorge-dominguez-dubuc.com\/index.php?rest_route=%2Fwp%2Fv2%2Fmedia&parent=355"}],"curies":[{"name":"wp","href":"https:\/\/api.w.org\/{rel}","templated":true}]}}