{"id":13,"date":"2010-11-25T13:12:46","date_gmt":"2010-11-25T13:12:46","guid":{"rendered":"http:\/\/jorge-dominguez-dubuc.com\/?page_id=13"},"modified":"2010-12-01T15:27:03","modified_gmt":"2010-12-01T19:57:03","slug":"installation","status":"publish","type":"page","link":"http:\/\/jorge-dominguez-dubuc.com\/?page_id=13","title":{"rendered":"Installation"},"content":{"rendered":"<p>Use the menu to the right hand side, or click on the photographs to view installation projects.<\/p>\n<p style=\"text-align: center;\"><a href=\"http:\/\/jorge-dominguez-dubuc.com\/?page_id=79\" target=\"_blank\"><\/a><a href=\"http:\/\/jorge-dominguez-dubuc.com\/?page_id=79\" target=\"_self\"><img loading=\"lazy\" class=\"aligncenter size-thumbnail wp-image-197\" title=\"03 video texto de sala\" src=\"http:\/\/jorge-dominguez-dubuc.com\/wp-content\/uploads\/2010\/11\/03-video-texto-de-sala1-150x150.jpg\" alt=\"\" width=\"150\" height=\"150\" \/><\/a><\/p>\n<p style=\"text-align: center;\"><em> Traslaci\u00f3n. Entornos milinarios<\/em> (2006)<\/p>\n<p><a href=\"http:\/\/jorge-dominguez-dubuc.com\/?page_id=97\" target=\"_blank\"><\/a><\/p>\n<p style=\"text-align: center;\"><a href=\"http:\/\/jorge-dominguez-dubuc.com\/?page_id=97\" target=\"_self\"><img loading=\"lazy\" class=\"size-thumbnail wp-image-124  aligncenter\" title=\"Encuentro \" src=\"http:\/\/jorge-dominguez-dubuc.com\/wp-content\/uploads\/2010\/11\/Encuentro-11-150x150.jpg\" alt=\"\" width=\"150\" height=\"150\" \/><\/a><\/p>\n<p style=\"text-align: center;\"><em>Encuentro<\/em> (2004)<\/p>\n<p style=\"text-align: center;\">\n<p style=\"text-align: center;\"><a href=\"http:\/\/jorge-dominguez-dubuc.com\/?page_id=115\" target=\"_self\"><img loading=\"lazy\" class=\"size-thumbnail wp-image-125  aligncenter\" title=\"Bus stop\" src=\"http:\/\/jorge-dominguez-dubuc.com\/wp-content\/uploads\/2010\/11\/Parada-11-150x150.jpg\" alt=\"\" width=\"150\" height=\"150\" \/><\/a><\/p>\n<p style=\"text-align: center;\"><em>Vamos a ver qu\u00e9 pasa&#8230; <\/em>(2001)<\/p>\n<p style=\"text-align: center;\">\n<p style=\"text-align: center;\"><a href=\"http:\/\/jorge-dominguez-dubuc.com\/?page_id=134\" target=\"_self\"><img loading=\"lazy\" class=\"aligncenter size-thumbnail wp-image-129\" title=\"Submerge\" src=\"http:\/\/jorge-dominguez-dubuc.com\/wp-content\/uploads\/2010\/11\/sumerge-3-150x150.jpg\" alt=\"\" width=\"150\" height=\"150\" \/><\/a><\/p>\n<p style=\"text-align: center;\">Submerge (1997)<\/p>\n<p style=\"text-align: center;\">\n<p style=\"text-align: center;\"><a href=\"http:\/\/jorge-dominguez-dubuc.com\/?page_id=144\" target=\"_self\"><img loading=\"lazy\" class=\"aligncenter size-thumbnail wp-image-130\" title=\"Monster of Reality\" src=\"http:\/\/jorge-dominguez-dubuc.com\/wp-content\/uploads\/2010\/11\/Monster-of-reality-150x150.jpg\" alt=\"\" width=\"150\" height=\"150\" \/><\/a><\/p>\n<p style=\"text-align: center;\">Monster of Reality (1997)<\/p>\n<p style=\"text-align: center;\">\n<p style=\"text-align: center;\"><a href=\"http:\/\/jorge-dominguez-dubuc.com\/?page_id=151\" target=\"_self\"><img loading=\"lazy\" class=\"aligncenter size-thumbnail wp-image-132\" title=\"Exversi\u00f3n\" src=\"http:\/\/jorge-dominguez-dubuc.com\/wp-content\/uploads\/2010\/11\/exversion-150x150.jpg\" alt=\"\" width=\"150\" height=\"150\" \/><\/a><\/p>\n<p style=\"text-align: center;\">Exversi\u00f3n (1996)<\/p>\n<p style=\"text-align: center;\"><a href=\"http:\/\/jorge-dominguez-dubuc.com\/?page_id=338\" target=\"_self\"><img loading=\"lazy\" class=\"aligncenter size-thumbnail wp-image-342\" title=\"Marco Teorico\" src=\"http:\/\/jorge-dominguez-dubuc.com\/wp-content\/uploads\/2010\/11\/Marco-Teorico-150x150.jpg\" alt=\"\" width=\"150\" height=\"150\" srcset=\"http:\/\/jorge-dominguez-dubuc.com\/wp-content\/uploads\/2010\/11\/Marco-Teorico-150x150.jpg 150w, http:\/\/jorge-dominguez-dubuc.com\/wp-content\/uploads\/2010\/11\/Marco-Teorico-300x300.jpg 300w, http:\/\/jorge-dominguez-dubuc.com\/wp-content\/uploads\/2010\/11\/Marco-Teorico.jpg 900w\" sizes=\"(max-width: 150px) 100vw, 150px\" \/><\/a><\/p>\n<p style=\"text-align: center;\">Marco Te\u00f3rico (1996)<\/p>\n","protected":false},"excerpt":{"rendered":"<p>Use the menu to the right hand side, or click on the photographs to view installation projects. Traslaci\u00f3n. Entornos milinarios (2006) Encuentro (2004) Vamos a ver qu\u00e9 pasa&#8230; (2001) Submerge (1997) Monster of Reality (1997) Exversi\u00f3n (1996) Marco Te\u00f3rico (1996)<\/p>\n","protected":false},"author":1,"featured_media":0,"parent":0,"menu_order":2,"comment_status":"closed","ping_status":"closed","template":"","meta":[],"_links":{"self":[{"href":"http:\/\/jorge-dominguez-dubuc.com\/index.php?rest_route=\/wp\/v2\/pages\/13"}],"collection":[{"href":"http:\/\/jorge-dominguez-dubuc.com\/index.php?rest_route=\/wp\/v2\/pages"}],"about":[{"href":"http:\/\/jorge-dominguez-dubuc.com\/index.php?rest_route=\/wp\/v2\/types\/page"}],"author":[{"embeddable":true,"href":"http:\/\/jorge-dominguez-dubuc.com\/index.php?rest_route=\/wp\/v2\/users\/1"}],"replies":[{"embeddable":true,"href":"http:\/\/jorge-dominguez-dubuc.com\/index.php?rest_route=%2Fwp%2Fv2%2Fcomments&post=13"}],"version-history":[{"count":14,"href":"http:\/\/jorge-dominguez-dubuc.com\/index.php?rest_route=\/wp\/v2\/pages\/13\/revisions"}],"predecessor-version":[{"id":344,"href":"http:\/\/jorge-dominguez-dubuc.com\/index.php?rest_route=\/wp\/v2\/pages\/13\/revisions\/344"}],"wp:attachment":[{"href":"http:\/\/jorge-dominguez-dubuc.com\/index.php?rest_route=%2Fwp%2Fv2%2Fmedia&parent=13"}],"curies":[{"name":"wp","href":"https:\/\/api.w.org\/{rel}","templated":true}]}}